{"id":444,"date":"2021-10-19T17:33:05","date_gmt":"2021-10-19T15:33:05","guid":{"rendered":"https:\/\/www.green-move.fr\/?page_id=444"},"modified":"2022-11-14T13:38:28","modified_gmt":"2022-11-14T12:38:28","slug":"blog","status":"publish","type":"page","link":"https:\/\/www.green-move.fr\/?page_id=444","title":{"rendered":"Articles"},"content":{"rendered":"\t\t<div data-elementor-type=\"wp-page\" data-elementor-id=\"444\" class=\"elementor elementor-444\">\n\t\t\t\t\t\t\t\t\t<section class=\"elementor-section elementor-top-section elementor-element elementor-element-f1f272d elementor-section-boxed elementor-section-height-default elementor-section-height-default\" data-id=\"f1f272d\" data-element_type=\"section\">\n\t\t\t\t\t\t<div class=\"elementor-container elementor-column-gap-default\">\n\t\t\t\t\t<div class=\"elementor-column elementor-col-100 elementor-top-column elementor-element elementor-element-258ad67\" data-id=\"258ad67\" data-element_type=\"column\">\n\t\t\t<div class=\"elementor-widget-wrap elementor-element-populated\">\n\t\t\t\t\t\t\t\t<div class=\"elementor-element elementor-element-348363c elementor-invisible elementor-widget elementor-widget-heading\" data-id=\"348363c\" data-element_type=\"widget\" data-settings=\"{&quot;_animation&quot;:&quot;slideInUp&quot;}\" data-widget_type=\"heading.default\">\n\t\t\t\t<div class=\"elementor-widget-container\">\n\t\t\t<h2 class=\"elementor-heading-title elementor-size-large\">Articles<\/h2>\t\t<\/div>\n\t\t\t\t<\/div>\n\t\t\t\t\t<\/div>\n\t\t<\/div>\n\t\t\t\t\t\t\t<\/div>\n\t\t<\/section>\n\t\t\t\t<section class=\"elementor-section elementor-top-section elementor-element elementor-element-2036280 elementor-section-boxed elementor-section-height-default elementor-section-height-default\" data-id=\"2036280\" data-element_type=\"section\">\n\t\t\t\t\t\t<div class=\"elementor-container elementor-column-gap-default\">\n\t\t\t\t\t<div class=\"elementor-column elementor-col-100 elementor-top-column elementor-element elementor-element-6687fe2\" data-id=\"6687fe2\" data-element_type=\"column\">\n\t\t\t<div class=\"elementor-widget-wrap elementor-element-populated\">\n\t\t\t\t\t\t\t\t<div class=\"elementor-element elementor-element-570924e elementor-widget elementor-widget-spacer\" data-id=\"570924e\" data-element_type=\"widget\" data-widget_type=\"spacer.default\">\n\t\t\t\t<div class=\"elementor-widget-container\">\n\t\t\t\t\t<div class=\"elementor-spacer\">\n\t\t\t<div class=\"elementor-spacer-inner\"><\/div>\n\t\t<\/div>\n\t\t\t\t<\/div>\n\t\t\t\t<\/div>\n\t\t\t\t<div class=\"elementor-element elementor-element-b0be477 elementor-grid-4 elementor-posts--thumbnail-none elementor-grid-tablet-2 elementor-grid-mobile-1 elementor-card-shadow-yes elementor-posts__hover-gradient elementor-widget elementor-widget-posts\" data-id=\"b0be477\" data-element_type=\"widget\" data-settings=\"{&quot;cards_columns&quot;:&quot;4&quot;,&quot;cards_columns_tablet&quot;:&quot;2&quot;,&quot;cards_columns_mobile&quot;:&quot;1&quot;,&quot;cards_row_gap&quot;:{&quot;unit&quot;:&quot;px&quot;,&quot;size&quot;:35,&quot;sizes&quot;:[]},&quot;cards_row_gap_tablet&quot;:{&quot;unit&quot;:&quot;px&quot;,&quot;size&quot;:&quot;&quot;,&quot;sizes&quot;:[]},&quot;cards_row_gap_mobile&quot;:{&quot;unit&quot;:&quot;px&quot;,&quot;size&quot;:&quot;&quot;,&quot;sizes&quot;:[]}}\" data-widget_type=\"posts.cards\">\n\t\t\t\t<div class=\"elementor-widget-container\">\n\t\t\t\t\t<div class=\"elementor-posts-container elementor-posts elementor-posts--skin-cards elementor-grid\">\n\t\t\t\t<article class=\"elementor-post elementor-grid-item post-3250 post type-post status-publish format-standard has-post-thumbnail hentry category-non-classe\">\n\t\t\t<div class=\"elementor-post__card\">\n\t\t\t\t<div class=\"elementor-post__text\">\n\t\t\t\t<h1 class=\"elementor-post__title\">\n\t\t\t<a href=\"https:\/\/www.green-move.fr\/?p=3250\" >\n\t\t\t\tD\u00e9veloppement durable : Comment adopter les bons gestes ?\t\t\t<\/a>\n\t\t<\/h1>\n\t\t\t\t<div class=\"elementor-post__excerpt\">\n\t\t\t<p>Comme nous avons d\u00e9j\u00e0 \u00e9tabli que les ressources sont finies, la durabilit\u00e9 est d\u00e9finie par les Nations Unies comme<\/p>\n\t\t<\/div>\n\t\t\t\t\t<a class=\"elementor-post__read-more\" href=\"https:\/\/www.green-move.fr\/?p=3250\" >\n\t\t\t\tRead More\t\t\t<\/a>\n\t\t\t\t<\/div>\n\t\t\t\t<div class=\"elementor-post__meta-data\">\n\t\t\t\t\t<span class=\"elementor-post-date\">\n\t\t\t8 d\u00e9cembre 2022\t\t<\/span>\n\t\t\t\t<\/div>\n\t\t\t\t\t<\/div>\n\t\t<\/article>\n\t\t\t\t<article class=\"elementor-post elementor-grid-item post-3230 post type-post status-publish format-standard has-post-thumbnail hentry category-non-classe\">\n\t\t\t<div class=\"elementor-post__card\">\n\t\t\t\t<div class=\"elementor-post__text\">\n\t\t\t\t<h1 class=\"elementor-post__title\">\n\t\t\t<a href=\"https:\/\/www.green-move.fr\/?p=3230\" >\n\t\t\t\tLa production de viande et son impact environnemental\t\t\t<\/a>\n\t\t<\/h1>\n\t\t\t\t<div class=\"elementor-post__excerpt\">\n\t\t\t<p>Nous avons plus de choix que jamais sur ce que nous mangeons, mais une population croissante signifie que des<\/p>\n\t\t<\/div>\n\t\t\t\t\t<a class=\"elementor-post__read-more\" href=\"https:\/\/www.green-move.fr\/?p=3230\" >\n\t\t\t\tRead More\t\t\t<\/a>\n\t\t\t\t<\/div>\n\t\t\t\t<div class=\"elementor-post__meta-data\">\n\t\t\t\t\t<span class=\"elementor-post-date\">\n\t\t\t7 d\u00e9cembre 2022\t\t<\/span>\n\t\t\t\t<\/div>\n\t\t\t\t\t<\/div>\n\t\t<\/article>\n\t\t\t\t<article class=\"elementor-post elementor-grid-item post-3222 post type-post status-publish format-standard has-post-thumbnail hentry category-non-classe\">\n\t\t\t<div class=\"elementor-post__card\">\n\t\t\t\t<div class=\"elementor-post__text\">\n\t\t\t\t<h1 class=\"elementor-post__title\">\n\t\t\t<a href=\"https:\/\/www.green-move.fr\/?p=3222\" >\n\t\t\t\tQuelles sont les alternatives aux prot\u00e9ines animales ?\t\t\t<\/a>\n\t\t<\/h1>\n\t\t\t\t<div class=\"elementor-post__excerpt\">\n\t\t\t<p>Les prot\u00e9ines sont un \u00e9l\u00e9ment cl\u00e9 d&rsquo;une alimentation saine et surtout si on est actif. C&rsquo;\u00e9tait autrefois l&rsquo;obsession des<\/p>\n\t\t<\/div>\n\t\t\t\t\t<a class=\"elementor-post__read-more\" href=\"https:\/\/www.green-move.fr\/?p=3222\" >\n\t\t\t\tRead More\t\t\t<\/a>\n\t\t\t\t<\/div>\n\t\t\t\t<div class=\"elementor-post__meta-data\">\n\t\t\t\t\t<span class=\"elementor-post-date\">\n\t\t\t7 d\u00e9cembre 2022\t\t<\/span>\n\t\t\t\t<\/div>\n\t\t\t\t\t<\/div>\n\t\t<\/article>\n\t\t\t\t<article class=\"elementor-post elementor-grid-item post-3120 post type-post status-publish format-standard has-post-thumbnail hentry category-non-classe\">\n\t\t\t<div class=\"elementor-post__card\">\n\t\t\t\t<div class=\"elementor-post__text\">\n\t\t\t\t<h1 class=\"elementor-post__title\">\n\t\t\t<a href=\"https:\/\/www.green-move.fr\/?p=3120\" >\n\t\t\t\tQuels sont les bienfaits du sport ?\t\t\t<\/a>\n\t\t<\/h1>\n\t\t\t\t<div class=\"elementor-post__excerpt\">\n\t\t\t<p>Les bienfaits du sport sur votre physique : 30 minutes suffisent Le sport a pour principal avantage d\u2019\u00eatre associ\u00e9<\/p>\n\t\t<\/div>\n\t\t\t\t\t<a class=\"elementor-post__read-more\" href=\"https:\/\/www.green-move.fr\/?p=3120\" >\n\t\t\t\tRead More\t\t\t<\/a>\n\t\t\t\t<\/div>\n\t\t\t\t<div class=\"elementor-post__meta-data\">\n\t\t\t\t\t<span class=\"elementor-post-date\">\n\t\t\t24 novembre 2022\t\t<\/span>\n\t\t\t\t<\/div>\n\t\t\t\t\t<\/div>\n\t\t<\/article>\n\t\t\t\t<article class=\"elementor-post elementor-grid-item post-3101 post type-post status-publish format-standard has-post-thumbnail hentry category-non-classe\">\n\t\t\t<div class=\"elementor-post__card\">\n\t\t\t\t<div class=\"elementor-post__text\">\n\t\t\t\t<h1 class=\"elementor-post__title\">\n\t\t\t<a href=\"https:\/\/www.green-move.fr\/?p=3101\" >\n\t\t\t\tFaire du sport : Les meilleurs endroits \u00e0 Lille !\t\t\t<\/a>\n\t\t<\/h1>\n\t\t\t\t<div class=\"elementor-post__excerpt\">\n\t\t\t<p>Les nouvelles r\u00e9solutions, les f\u00eates\u2026 Tant de raison pour se ressaisir et faire du sport. Mais vous avez de<\/p>\n\t\t<\/div>\n\t\t\t\t\t<a class=\"elementor-post__read-more\" href=\"https:\/\/www.green-move.fr\/?p=3101\" >\n\t\t\t\tRead More\t\t\t<\/a>\n\t\t\t\t<\/div>\n\t\t\t\t<div class=\"elementor-post__meta-data\">\n\t\t\t\t\t<span class=\"elementor-post-date\">\n\t\t\t24 novembre 2022\t\t<\/span>\n\t\t\t\t<\/div>\n\t\t\t\t\t<\/div>\n\t\t<\/article>\n\t\t\t\t<article class=\"elementor-post elementor-grid-item post-1295 post type-post status-publish format-standard has-post-thumbnail hentry category-non-classe\">\n\t\t\t<div class=\"elementor-post__card\">\n\t\t\t\t<div class=\"elementor-post__text\">\n\t\t\t\t<h1 class=\"elementor-post__title\">\n\t\t\t<a href=\"https:\/\/www.green-move.fr\/?p=1295\" >\n\t\t\t\tLa place de l\u2019alimentation dans la remise en forme\t\t\t<\/a>\n\t\t<\/h1>\n\t\t\t\t<div class=\"elementor-post__excerpt\">\n\t\t\t<p>Comme vous avez souvent d\u00fb l\u2019entendre, l\u2019alimentation \u00e0 une place tr\u00e8s importante dans la remise en forme. La o\u00f9<\/p>\n\t\t<\/div>\n\t\t\t\t\t<a class=\"elementor-post__read-more\" href=\"https:\/\/www.green-move.fr\/?p=1295\" >\n\t\t\t\tRead More\t\t\t<\/a>\n\t\t\t\t<\/div>\n\t\t\t\t<div class=\"elementor-post__meta-data\">\n\t\t\t\t\t<span class=\"elementor-post-date\">\n\t\t\t6 mai 2022\t\t<\/span>\n\t\t\t\t<\/div>\n\t\t\t\t\t<\/div>\n\t\t<\/article>\n\t\t\t\t<article class=\"elementor-post elementor-grid-item post-1267 post type-post status-publish format-standard has-post-thumbnail hentry category-non-classe\">\n\t\t\t<div class=\"elementor-post__card\">\n\t\t\t\t<div class=\"elementor-post__text\">\n\t\t\t\t<h1 class=\"elementor-post__title\">\n\t\t\t<a href=\"https:\/\/www.green-move.fr\/?p=1267\" >\n\t\t\t\tPerdre du poids : les fausses id\u00e9es sur le sport !\t\t\t<\/a>\n\t\t<\/h1>\n\t\t\t\t<div class=\"elementor-post__excerpt\">\n\t\t\t<p>Vous souhaitez perdre du poids et vous envisagez d\u2019aller sur internet pour avoir des conseils mais de nombreux articles<\/p>\n\t\t<\/div>\n\t\t\t\t\t<a class=\"elementor-post__read-more\" href=\"https:\/\/www.green-move.fr\/?p=1267\" >\n\t\t\t\tRead More\t\t\t<\/a>\n\t\t\t\t<\/div>\n\t\t\t\t<div class=\"elementor-post__meta-data\">\n\t\t\t\t\t<span class=\"elementor-post-date\">\n\t\t\t21 avril 2022\t\t<\/span>\n\t\t\t\t<\/div>\n\t\t\t\t\t<\/div>\n\t\t<\/article>\n\t\t\t\t<article class=\"elementor-post elementor-grid-item post-1231 post type-post status-publish format-standard has-post-thumbnail hentry category-non-classe\">\n\t\t\t<div class=\"elementor-post__card\">\n\t\t\t\t<div class=\"elementor-post__text\">\n\t\t\t\t<h1 class=\"elementor-post__title\">\n\t\t\t<a href=\"https:\/\/www.green-move.fr\/?p=1231\" >\n\t\t\t\tComment \u00e9viter les courbatures ?\t\t\t<\/a>\n\t\t<\/h1>\n\t\t\t\t<div class=\"elementor-post__excerpt\">\n\t\t\t<p>\u00c0 l\u2019issue d\u2019une s\u00e9ance physique sportive, votre corps r\u00e9agit puisqu\u2019une sollicitation r\u00e9p\u00e9t\u00e9e et rare de certains muscles se produit.<\/p>\n\t\t<\/div>\n\t\t\t\t\t<a class=\"elementor-post__read-more\" href=\"https:\/\/www.green-move.fr\/?p=1231\" >\n\t\t\t\tRead More\t\t\t<\/a>\n\t\t\t\t<\/div>\n\t\t\t\t<div class=\"elementor-post__meta-data\">\n\t\t\t\t\t<span class=\"elementor-post-date\">\n\t\t\t8 avril 2022\t\t<\/span>\n\t\t\t\t<\/div>\n\t\t\t\t\t<\/div>\n\t\t<\/article>\n\t\t\t\t<article class=\"elementor-post elementor-grid-item post-1138 post type-post status-publish format-standard has-post-thumbnail hentry category-non-classe\">\n\t\t\t<div class=\"elementor-post__card\">\n\t\t\t\t<div class=\"elementor-post__text\">\n\t\t\t\t<h1 class=\"elementor-post__title\">\n\t\t\t<a href=\"https:\/\/www.green-move.fr\/?p=1138\" >\n\t\t\t\tComment rester motiv\u00e9 \u00e0 faire du sport ? \u200b\t\t\t<\/a>\n\t\t<\/h1>\n\t\t\t\t<div class=\"elementor-post__excerpt\">\n\t\t\t<p>On entend partout que faire du sport est bon pour le physique et pour le mental et qu\u2019il est<\/p>\n\t\t<\/div>\n\t\t\t\t\t<a class=\"elementor-post__read-more\" href=\"https:\/\/www.green-move.fr\/?p=1138\" >\n\t\t\t\tRead More\t\t\t<\/a>\n\t\t\t\t<\/div>\n\t\t\t\t<div class=\"elementor-post__meta-data\">\n\t\t\t\t\t<span class=\"elementor-post-date\">\n\t\t\t11 mars 2022\t\t<\/span>\n\t\t\t\t<\/div>\n\t\t\t\t\t<\/div>\n\t\t<\/article>\n\t\t\t\t<article class=\"elementor-post elementor-grid-item post-495 post type-post status-publish format-standard has-post-thumbnail hentry category-non-classe\">\n\t\t\t<div class=\"elementor-post__card\">\n\t\t\t\t<div class=\"elementor-post__text\">\n\t\t\t\t<h1 class=\"elementor-post__title\">\n\t\t\t<a href=\"https:\/\/www.green-move.fr\/?p=495\" >\n\t\t\t\tLe Psoas ou \u00ab\u00a0Muscle de l&rsquo;Ame\u00a0\u00bb\t\t\t<\/a>\n\t\t<\/h1>\n\t\t\t\t<div class=\"elementor-post__excerpt\">\n\t\t\t<p>Le \u00ab Muscle de l\u2019\u00e2me \u00bb pourrait \u00eatre la source de votre anxi\u00e9t\u00e9 et de votre peur.\u00a0On vous a<\/p>\n\t\t<\/div>\n\t\t\t\t\t<a class=\"elementor-post__read-more\" href=\"https:\/\/www.green-move.fr\/?p=495\" >\n\t\t\t\tRead More\t\t\t<\/a>\n\t\t\t\t<\/div>\n\t\t\t\t<div class=\"elementor-post__meta-data\">\n\t\t\t\t\t<span class=\"elementor-post-date\">\n\t\t\t23 octobre 2021\t\t<\/span>\n\t\t\t\t<\/div>\n\t\t\t\t\t<\/div>\n\t\t<\/article>\n\t\t\t\t<article class=\"elementor-post elementor-grid-item post-134 post type-post status-publish format-standard hentry category-non-classe\">\n\t\t\t<div class=\"elementor-post__card\">\n\t\t\t\t<div class=\"elementor-post__text\">\n\t\t\t\t<h1 class=\"elementor-post__title\">\n\t\t\t<a href=\"https:\/\/www.green-move.fr\/?p=134\" >\n\t\t\t\tBienvenue &#8211; Saison 2020-2021\t\t\t<\/a>\n\t\t<\/h1>\n\t\t\t\t<div class=\"elementor-post__excerpt\">\n\t\t\t<p>Green Move, association sportive loi 1901, affili\u00e9e \u00e0 la FFEPGV, vous propose sur toute la saison 2020- 2021 :<\/p>\n\t\t<\/div>\n\t\t\t\t\t<a class=\"elementor-post__read-more\" href=\"https:\/\/www.green-move.fr\/?p=134\" >\n\t\t\t\tRead More\t\t\t<\/a>\n\t\t\t\t<\/div>\n\t\t\t\t<div class=\"elementor-post__meta-data\">\n\t\t\t\t\t<span class=\"elementor-post-date\">\n\t\t\t2 janvier 2021\t\t<\/span>\n\t\t\t\t<\/div>\n\t\t\t\t\t<\/div>\n\t\t<\/article>\n\t\t\t\t<\/div>\n\n\n\t\t\n\t\t\t\t<\/div>\n\t\t\t\t<\/div>\n\t\t\t\t\t<\/div>\n\t\t<\/div>\n\t\t\t\t\t\t\t<\/div>\n\t\t<\/section>\n\t\t\t\t<section class=\"elementor-section elementor-top-section elementor-element elementor-element-8b9d8da elementor-section-boxed elementor-section-height-default elementor-section-height-default\" data-id=\"8b9d8da\" data-element_type=\"section\">\n\t\t\t\t\t\t<div class=\"elementor-container elementor-column-gap-default\">\n\t\t\t\t\t<div class=\"elementor-column elementor-col-100 elementor-top-column elementor-element elementor-element-e84f382\" data-id=\"e84f382\" data-element_type=\"column\">\n\t\t\t<div class=\"elementor-widget-wrap elementor-element-populated\">\n\t\t\t\t\t\t\t\t<div class=\"elementor-element elementor-element-37e82c6 elementor-widget-divider--view-line_icon elementor-view-default elementor-widget-divider--element-align-center elementor-widget elementor-widget-divider\" data-id=\"37e82c6\" data-element_type=\"widget\" data-widget_type=\"divider.default\">\n\t\t\t\t<div class=\"elementor-widget-container\">\n\t\t\t\t\t<div class=\"elementor-divider\">\n\t\t\t<span class=\"elementor-divider-separator\">\n\t\t\t\t\t\t\t<div class=\"elementor-icon elementor-divider__element\">\n\t\t\t\t\t<i aria-hidden=\"true\" class=\"fas fa-running\"><\/i><\/div>\n\t\t\t\t\t\t<\/span>\n\t\t<\/div>\n\t\t\t\t<\/div>\n\t\t\t\t<\/div>\n\t\t\t\t\t<\/div>\n\t\t<\/div>\n\t\t\t\t\t\t\t<\/div>\n\t\t<\/section>\n\t\t\t\t\t\t\t<\/div>\n\t\t","protected":false},"excerpt":{"rendered":"<p>Articles<\/p>\n","protected":false},"author":1,"featured_media":0,"parent":0,"menu_order":0,"comment_status":"closed","ping_status":"closed","template":"page-templates\/template-pagebuilder-full-width.php","meta":{"neve_meta_sidebar":"","neve_meta_container":"","neve_meta_enable_content_width":"","neve_meta_content_width":0,"neve_meta_title_alignment":"","neve_meta_author_avatar":"","neve_post_elements_order":"","neve_meta_disable_header":"","neve_meta_disable_footer":"","neve_meta_disable_title":""},"yoast_head":"<!-- This site is optimized with the Yoast SEO plugin v19.14 - https:\/\/yoast.com\/wordpress\/plugins\/seo\/ -->\n<title>Articles - Green Move Annecy<\/title>\n<meta name=\"description\" content=\"Tout savoir sur les bienfaits du sport et sa pratique en ext\u00e9rieur. Comment se d\u00e9penser dans le respect de la nature.\" \/>\n<meta name=\"robots\" content=\"index, follow, max-snippet:-1, max-image-preview:large, max-video-preview:-1\" \/>\n<link rel=\"canonical\" href=\"https:\/\/www.green-move.fr\/?page_id=444\" \/>\n<meta property=\"og:locale\" content=\"fr_FR\" \/>\n<meta property=\"og:type\" content=\"article\" \/>\n<meta property=\"og:title\" content=\"Articles - Green Move Annecy\" \/>\n<meta property=\"og:description\" content=\"Tout savoir sur les bienfaits du sport et sa pratique en ext\u00e9rieur. Comment se d\u00e9penser dans le respect de la nature.\" \/>\n<meta property=\"og:url\" content=\"https:\/\/www.green-move.fr\/?page_id=444\" \/>\n<meta property=\"og:site_name\" content=\"Green Move Annecy\" \/>\n<meta property=\"article:modified_time\" content=\"2022-11-14T12:38:28+00:00\" \/>\n<meta name=\"twitter:card\" content=\"summary_large_image\" \/>\n<meta name=\"twitter:label1\" content=\"Dur\u00e9e de lecture estim\u00e9e\" \/>\n\t<meta name=\"twitter:data1\" content=\"1 minute\" \/>\n<script type=\"application\/ld+json\" class=\"yoast-schema-graph\">{\"@context\":\"https:\/\/schema.org\",\"@graph\":[{\"@type\":[\"WebPage\",\"CollectionPage\"],\"@id\":\"https:\/\/www.green-move.fr\/?page_id=444\",\"url\":\"https:\/\/www.green-move.fr\/?page_id=444\",\"name\":\"Articles - Green Move Annecy\",\"isPartOf\":{\"@id\":\"https:\/\/www.green-move.fr\/#website\"},\"datePublished\":\"2021-10-19T15:33:05+00:00\",\"dateModified\":\"2022-11-14T12:38:28+00:00\",\"description\":\"Tout savoir sur les bienfaits du sport et sa pratique en ext\u00e9rieur. Comment se d\u00e9penser dans le respect de la nature.\",\"breadcrumb\":{\"@id\":\"https:\/\/www.green-move.fr\/?page_id=444#breadcrumb\"},\"inLanguage\":\"fr-FR\"},{\"@type\":\"BreadcrumbList\",\"@id\":\"https:\/\/www.green-move.fr\/?page_id=444#breadcrumb\",\"itemListElement\":[{\"@type\":\"ListItem\",\"position\":1,\"name\":\"Accueil\",\"item\":\"https:\/\/www.green-move.fr\/\"},{\"@type\":\"ListItem\",\"position\":2,\"name\":\"Articles\"}]},{\"@type\":\"WebSite\",\"@id\":\"https:\/\/www.green-move.fr\/#website\",\"url\":\"https:\/\/www.green-move.fr\/\",\"name\":\"Green Move Annecy\",\"description\":\"Sport et D\u00e9veloppement durable\",\"publisher\":{\"@id\":\"https:\/\/www.green-move.fr\/#organization\"},\"potentialAction\":[{\"@type\":\"SearchAction\",\"target\":{\"@type\":\"EntryPoint\",\"urlTemplate\":\"https:\/\/www.green-move.fr\/?s={search_term_string}\"},\"query-input\":\"required name=search_term_string\"}],\"inLanguage\":\"fr-FR\"},{\"@type\":\"Organization\",\"@id\":\"https:\/\/www.green-move.fr\/#organization\",\"name\":\"Green Move Annecy\",\"url\":\"https:\/\/www.green-move.fr\/\",\"logo\":{\"@type\":\"ImageObject\",\"inLanguage\":\"fr-FR\",\"@id\":\"https:\/\/www.green-move.fr\/#\/schema\/logo\/image\/\",\"url\":\"https:\/\/www.green-move.fr\/wp-content\/uploads\/2021\/11\/cropped-Logo_Green_move.png\",\"contentUrl\":\"https:\/\/www.green-move.fr\/wp-content\/uploads\/2021\/11\/cropped-Logo_Green_move.png\",\"width\":772,\"height\":625,\"caption\":\"Green Move Annecy\"},\"image\":{\"@id\":\"https:\/\/www.green-move.fr\/#\/schema\/logo\/image\/\"}}]}<\/script>\n<!-- \/ Yoast SEO plugin. -->","yoast_head_json":{"title":"Articles - Green Move Annecy","description":"Tout savoir sur les bienfaits du sport et sa pratique en ext\u00e9rieur. Comment se d\u00e9penser dans le respect de la nature.","robots":{"index":"index","follow":"follow","max-snippet":"max-snippet:-1","max-image-preview":"max-image-preview:large","max-video-preview":"max-video-preview:-1"},"canonical":"https:\/\/www.green-move.fr\/?page_id=444","og_locale":"fr_FR","og_type":"article","og_title":"Articles - Green Move Annecy","og_description":"Tout savoir sur les bienfaits du sport et sa pratique en ext\u00e9rieur. Comment se d\u00e9penser dans le respect de la nature.","og_url":"https:\/\/www.green-move.fr\/?page_id=444","og_site_name":"Green Move Annecy","article_modified_time":"2022-11-14T12:38:28+00:00","twitter_card":"summary_large_image","twitter_misc":{"Dur\u00e9e de lecture estim\u00e9e":"1 minute"},"schema":{"@context":"https:\/\/schema.org","@graph":[{"@type":["WebPage","CollectionPage"],"@id":"https:\/\/www.green-move.fr\/?page_id=444","url":"https:\/\/www.green-move.fr\/?page_id=444","name":"Articles - Green Move Annecy","isPartOf":{"@id":"https:\/\/www.green-move.fr\/#website"},"datePublished":"2021-10-19T15:33:05+00:00","dateModified":"2022-11-14T12:38:28+00:00","description":"Tout savoir sur les bienfaits du sport et sa pratique en ext\u00e9rieur. Comment se d\u00e9penser dans le respect de la nature.","breadcrumb":{"@id":"https:\/\/www.green-move.fr\/?page_id=444#breadcrumb"},"inLanguage":"fr-FR"},{"@type":"BreadcrumbList","@id":"https:\/\/www.green-move.fr\/?page_id=444#breadcrumb","itemListElement":[{"@type":"ListItem","position":1,"name":"Accueil","item":"https:\/\/www.green-move.fr\/"},{"@type":"ListItem","position":2,"name":"Articles"}]},{"@type":"WebSite","@id":"https:\/\/www.green-move.fr\/#website","url":"https:\/\/www.green-move.fr\/","name":"Green Move Annecy","description":"Sport et D\u00e9veloppement durable","publisher":{"@id":"https:\/\/www.green-move.fr\/#organization"},"potentialAction":[{"@type":"SearchAction","target":{"@type":"EntryPoint","urlTemplate":"https:\/\/www.green-move.fr\/?s={search_term_string}"},"query-input":"required name=search_term_string"}],"inLanguage":"fr-FR"},{"@type":"Organization","@id":"https:\/\/www.green-move.fr\/#organization","name":"Green Move Annecy","url":"https:\/\/www.green-move.fr\/","logo":{"@type":"ImageObject","inLanguage":"fr-FR","@id":"https:\/\/www.green-move.fr\/#\/schema\/logo\/image\/","url":"https:\/\/www.green-move.fr\/wp-content\/uploads\/2021\/11\/cropped-Logo_Green_move.png","contentUrl":"https:\/\/www.green-move.fr\/wp-content\/uploads\/2021\/11\/cropped-Logo_Green_move.png","width":772,"height":625,"caption":"Green Move Annecy"},"image":{"@id":"https:\/\/www.green-move.fr\/#\/schema\/logo\/image\/"}}]}},"_links":{"self":[{"href":"https:\/\/www.green-move.fr\/index.php?rest_route=\/wp\/v2\/pages\/444"}],"collection":[{"href":"https:\/\/www.green-move.fr\/index.php?rest_route=\/wp\/v2\/pages"}],"about":[{"href":"https:\/\/www.green-move.fr\/index.php?rest_route=\/wp\/v2\/types\/page"}],"author":[{"embeddable":true,"href":"https:\/\/www.green-move.fr\/index.php?rest_route=\/wp\/v2\/users\/1"}],"replies":[{"embeddable":true,"href":"https:\/\/www.green-move.fr\/index.php?rest_route=%2Fwp%2Fv2%2Fcomments&post=444"}],"version-history":[{"count":0,"href":"https:\/\/www.green-move.fr\/index.php?rest_route=\/wp\/v2\/pages\/444\/revisions"}],"wp:attachment":[{"href":"https:\/\/www.green-move.fr\/index.php?rest_route=%2Fwp%2Fv2%2Fmedia&parent=444"}],"curies":[{"name":"wp","href":"https:\/\/api.w.org\/{rel}","templated":true}]}}